{"id":233552,"date":"2020-11-05T11:27:39","date_gmt":"2020-11-05T11:27:39","guid":{"rendered":"https:\/\/letsbecool.com\/?page_id=233552"},"modified":"2020-11-13T07:57:38","modified_gmt":"2020-11-13T07:57:38","slug":"aydinlatma-metni","status":"publish","type":"page","link":"https:\/\/letsbecool.com\/tr\/aydinlatma-metni\/","title":{"rendered":"Ayd\u0131nlatma Metni"},"content":{"rendered":"<p><strong>Ki\u015fisel Verilerinizin Korunmas\u0131na \u0130li\u015fkin Bilgilendirme ve Ayd\u0131nlatma Metni<\/strong><\/p>\n\n\n\n<p>Cool Dijital Sanayi ve Ticaret Ltd. \u015eti. olarak, \u015eirketimizle payla\u015ft\u0131\u011f\u0131n\u0131z ki\u015fisel verilerinizin g\u00fcvenli\u011fine \u00f6nem veriyor; bu ama\u00e7la ki\u015fisel verilerinizin hukuka uygun olarak i\u015flenmesi ve korunmas\u0131 i\u00e7in azami hassasiyeti g\u00f6steriyoruz. Bu kapsamda i\u015fbu Ayd\u0131nlatma Metni, 6698 say\u0131l\u0131 \u201cKi\u015fisel Verilerin Korunmas\u0131 Kanunu\u201dnun (Kanun) 10. maddesinin bir gere\u011fi olarak taraf\u0131n\u0131zla payla\u015f\u0131lmaktad\u0131r.&nbsp;<\/p>\n\n\n\n<p><a href=\"https:\/\/letsbecool.com\/tr\/\">https:\/\/letsbecool.com\/<\/a> internet sitesi \u00fczerinden ileti\u015fim talebi iletilmeniz, b\u00fclten aboneli\u011fine kay\u0131t olman\u0131z ve yeni hizmetler ve \u00fcr\u00fcnlerle ilgili bilgilendirme duyurusunu takip edip kay\u0131t olman\u0131z halinde ilgili ki\u015fi s\u0131fat\u0131na haiz olmaktas\u0131n\u0131z. \u015eirketimizce \u201cveri sorumlusu\u201d s\u0131fat\u0131yla toplanan ki\u015fisel verilerinize, bunlar\u0131n toplanma ama\u00e7lar\u0131na ve sair hususlara a\u015fa\u011f\u0131da yer verilmektedir.<\/p>\n\n\n\n<ol class=\"wp-block-list\" type=\"I\" start=\"2\"><li><strong>Ki\u015fisel Verileriniz Nelerdir?<\/strong><\/li><\/ol>\n\n\n\n<p>Ki\u015fisel verileriniz, kimli\u011finizi belirleyen ya da belirlenebilir k\u0131lan bilgiler anlam\u0131na gelmektedir. <strong>Ki\u015fisel Verilerinizin \u0130\u015flenme Ama\u00e7lar\u0131<\/strong> do\u011frultusunda a\u015fa\u011f\u0131da belirtilen ki\u015fisel verileriniz taraf\u0131m\u0131zca toplanmaktad\u0131r:<\/p>\n\n\n\n<p>Talep edilen veriler:<\/p>\n\n\n\n<ol class=\"wp-block-list\" type=\"I\" start=\"3\"><li><strong>Ki\u015fisel Verilerinizin \u0130\u015flenme Ama\u00e7lar\u0131<\/strong><\/li><\/ol>\n\n\n\n<p>Hizmetlerimiz hakk\u0131nda bilgi almak, sundu\u011fumuz b\u00fcltene kay\u0131t olmak ve yeni hizmetlerle ilgili duyurumuza kay\u0131t olma talebi iletmeniz halinde belirtilen i\u015flemler i\u00e7in ki\u015fisel verileriniz i\u015flenmektedir. Bu taleplerin s\u0131raya al\u0131nmas\u0131 ve kullan\u0131ma sunulmas\u0131 i\u00e7in veri i\u015fleme ama\u00e7lar\u0131 \u015fu \u015fekildedir:<\/p>\n\n\n\n<ul class=\"wp-block-list\"><li>\u0130\u00e7erik ve Hizmetlerimize eklenmi\u015f yeni ve\/veya var olan \u00f6zellikler hakk\u0131nda ticari, idari, bilgilendirici ve\/veya hat\u0131rlat\u0131c\u0131 e-postalar ve\/veya m\u00fc\u015fterilerimize sundu\u011fumuz \u00fcr\u00fcnler ve\/veya belirli bilgi ve\/veya servis ve\/veya paral\u0131 ve\/veya servisler hakk\u0131ndaki tan\u0131t\u0131m, reklam ve benzeri faaliyetlerin y\u00fcr\u00fct\u00fclmesi talepleri iletmek<\/li><li>Elektronik posta ile eser konumundaki bilgisayar program\u0131 format\u0131ndaki \u00fcr\u00fcn ile ilgili bilgi g\u00f6ndermek ya da bildirimler de bulunmak,<\/li><li>Sorular\u0131n\u0131z\u0131 cevaplamak ve etkin bir kullan\u0131c\u0131 deneyimi hizmeti sunmak,<\/li><li>Yeni hizmetler hakk\u0131nda bilgi vermek,<\/li><li>Gerekti\u011finde Kullan\u0131c\u0131yla ve M\u00fc\u015fteri\u2019yle temas kurmak,<\/li><li>\u0130\u015f geli\u015ftirme, pazarlama, ileti\u015fim gibi operasyonel faaliyetlerin y\u00fcr\u00fct\u00fclmesi ve geli\u015ftirilmesi ile birlikte kullan\u0131c\u0131 deneyimini artt\u0131rarak daha iyi hizmet vermek amac\u0131yla<\/li><li>Doland\u0131r\u0131c\u0131l\u0131k, gibi yasad\u0131\u015f\u0131 i\u015flemlerin tespiti ve kullan\u0131c\u0131lar\u0131m\u0131z\u0131n bu i\u015flemlerden etkilenmemesi ad\u0131na denetim ve tespit yap\u0131lmas\u0131 amac\u0131yla<\/li><li>Hizmetleri g\u00fcvenli bir \u015fekilde y\u00fcr\u00fctmek<\/li><li>M\u00fc\u015fteri ve \u00fc\u00e7\u00fcnc\u00fc ki\u015filerin yasal haklar\u0131n\u0131 korumak ve su\u00e7 i\u015flenmesini \u00f6nlemek<\/li><\/ul>\n\n\n\n<p>ama\u00e7lar\u0131yla ki\u015fisel verileriniz i\u015flenmektedir.<\/p>\n\n\n\n<ol class=\"wp-block-list\" type=\"I\" start=\"4\"><li><strong>Ki\u015fisel Verilerin \u0130\u015flenmesi ve Aktar\u0131lmas\u0131<\/strong><\/li><\/ol>\n\n\n\n<p>\u015eirketimiz ki\u015fisel verilerinizi Kanun ve sair mevzuat kapsam\u0131nda:<\/p>\n\n\n\n<ol class=\"wp-block-list\" type=\"I\" start=\"5\"><li><strong>Ki\u015fisel Veri Toplaman\u0131n Y\u00f6ntemi ve Hukuki Sebebi<\/strong><\/li><\/ol>\n\n\n\n<p>A\u015fa\u011f\u0131da belirtilen hukuki sebeplerle toplanmaktad\u0131r.<\/p>\n\n\n\n<ol class=\"wp-block-list\" type=\"I\" start=\"6\"><li><strong>Ki\u015fisel Verilerin Korunmas\u0131na Y\u00f6nelik Haklar\u0131n\u0131z<\/strong><\/li><\/ol>\n\n\n\n<p>Kanunun 11 numaral\u0131 maddesi gere\u011fince, \u015eirketimize ba\u015fvurarak;<\/p>\n\n\n\n<p>haklar\u0131na sahipsiniz.<\/p>\n\n\n\n<p>Kanun\u2019un uygulanmas\u0131yla ilgili taleplerinizi ve ki\u015fisel verilerinizle ilgili her t\u00fcrl\u00fc sorunuzu Cool Dijital Sanayi ve Ticaret Ltd. \u015eti. &nbsp;Adalet Mahallesi Anadolu Caddesi No: 41\/8 Bayrakl\u0131 \/ \u0130zmir adresine (noter, iadeli taahh\u00fctl\u00fc mektup vb.) yada info@letsbecoolcom.kinsta.cloud adresine kimli\u011fi tespit eden kimlik fotokopisi ile yaz\u0131l\u0131 olarak iletebilirsiniz.&nbsp;<br><br><\/p>","protected":false},"excerpt":{"rendered":"<p>Ki\u015fisel Verilerinizin Korunmas\u0131na \u0130li\u015fkin Bilgilendirme ve Ayd\u0131nlatma Metni Cool Dijital Sanayi ve Ticaret Ltd. \u015eti. olarak, \u015eirketimizle payla\u015ft\u0131\u011f\u0131n\u0131z ki\u015fisel verilerinizin g\u00fcvenli\u011fine \u00f6nem veriyor; bu ama\u00e7la ki\u015fisel verilerinizin hukuka uygun olarak i\u015flenmesi ve korunmas\u0131 i\u00e7in azami hassasiyeti g\u00f6steriyoruz. Bu kapsamda i\u015fbu Ayd\u0131nlatma Metni, 6698 say\u0131l\u0131 \u201cKi\u015fisel Verilerin Korunmas\u0131 Kanunu\u201dnun (Kanun) 10. maddesinin bir gere\u011fi olarak taraf\u0131n\u0131zla [&hellip;]<\/p>","protected":false},"author":1,"featured_media":0,"parent":0,"menu_order":0,"comment_status":"closed","ping_status":"closed","template":"","meta":{"_et_pb_use_builder":"off","_et_pb_old_content":"","_et_gb_content_width":"","inline_featured_image":false,"footnotes":""},"solution":[],"class_list":["post-233552","page","type-page","status-publish","hentry"],"_links":{"self":[{"href":"https:\/\/letsbecool.com\/tr\/wp-json\/wp\/v2\/pages\/233552","targetHints":{"allow":["GET"]}}],"collection":[{"href":"https:\/\/letsbecool.com\/tr\/wp-json\/wp\/v2\/pages"}],"about":[{"href":"https:\/\/letsbecool.com\/tr\/wp-json\/wp\/v2\/types\/page"}],"author":[{"embeddable":true,"href":"https:\/\/letsbecool.com\/tr\/wp-json\/wp\/v2\/users\/1"}],"replies":[{"embeddable":true,"href":"https:\/\/letsbecool.com\/tr\/wp-json\/wp\/v2\/comments?post=233552"}],"version-history":[{"count":1,"href":"https:\/\/letsbecool.com\/tr\/wp-json\/wp\/v2\/pages\/233552\/revisions"}],"predecessor-version":[{"id":233553,"href":"https:\/\/letsbecool.com\/tr\/wp-json\/wp\/v2\/pages\/233552\/revisions\/233553"}],"wp:attachment":[{"href":"https:\/\/letsbecool.com\/tr\/wp-json\/wp\/v2\/media?parent=233552"}],"wp:term":[{"taxonomy":"solution","embeddable":true,"href":"https:\/\/letsbecool.com\/tr\/wp-json\/wp\/v2\/solution?post=233552"}],"curies":[{"name":"wp","href":"https:\/\/api.w.org\/{rel}","templated":true}]}}